{"id":30,"date":"2018-02-04T15:16:03","date_gmt":"2018-02-04T14:16:03","guid":{"rendered":"http:\/\/praxis-pjt.de\/praxis\/?page_id=30"},"modified":"2021-02-09T09:39:46","modified_gmt":"2021-02-09T08:39:46","slug":"impressum","status":"publish","type":"page","link":"https:\/\/praxis-pjt.de\/praxis\/impressum\/","title":{"rendered":"Impressum"},"content":{"rendered":"<p><strong>Angaben gem\u00e4\u00df \u00a7 5 TMG:<\/strong><\/p>\n<p>Panagiota Jackstadt-Theodorakopoulou<\/p>\n<p>Die gesetzlicher Berufsbezeichnung lautet:<br \/>\nFach\u00e4rztin f\u00fcr Allgemeinmedizin<br \/>\nDie Berufsbezeichnung wurde in der Bundesrepublik Deutschland verliehen.<\/p>\n<p><strong>Postanschrift:<\/strong><br \/>\nU 1, 15<br \/>\n68161 Mannheim<\/p>\n<p><strong>Kontakt:<\/strong><br \/>\nTelefon: 0621 \/ 20229<br \/>\nTelefax: 0621 \/ 20230<br \/>\n<a href=\"http:\/\/praxis-pjt.de\/praxis\/mhandler.php\"><img loading=\"lazy\" decoding=\"async\" class=\"alignleft wp-image-90 size-full\" src=\"http:\/\/praxis-pjt.de\/praxis\/wp-content\/uploads\/2018\/02\/mailadr.jpg\" alt=\"\" width=\"177\" height=\"21\" \/><\/a><\/p>\n<p><strong>Zust\u00e4ndige Kammer:<\/strong><br \/>\nLandes\u00e4rztekammer Baden-W\u00fcrttemberg<br \/>\nK\u00f6rperschaft des \u00f6ffentlichen Rechts<br \/>\nJahnstra\u00dfe 40<br \/>\n70597 Stuttgart<br \/>\nTelefon: 0711 &#8211; 769 89 0<br \/>\nTelefax: 0711 &#8211; 769 89 50<\/p>\n<p><a title=\"Kontakt zur Landes\u00e4rztekammer Baden-W\u00fcrttemberg\" href=\"https:\/\/www.aerztekammer-bw.de\/kontakt_neu_ssl\/index.form\" target=\"_blank\" rel=\"noopener\">E-Mail: info (at) laek-bw (punkt) de<\/a><br \/>\n<a href=\"http:\/\/www.aerztekammer-bw.de\/\" target=\"_blank\" rel=\"noopener\">http:\/\/www.aerztekammer-bw.de\/<\/a><\/p>\n<p><strong>Berufsrechtlichen Regelungen:<\/strong><\/p>\n<p>Die berufsrechtlichen Regelungen und weitere gesetzliche Bestimmungen sind \u00fcber die Internetseiten der Landes\u00e4rztekammer Baden-W\u00fcrttemberg zug\u00e4nglich.<\/p>\n<p><a href=\"http:\/\/www.aerztekammer-bw.de\/20\/arztrecht\/05kammerrecht\/bo.pdf\" target=\"_blank\" rel=\"noopener\">http:\/\/www.aerztekammer-bw.de\/20\/arztrecht\/05kammerrecht\/bo.pdf<\/a><\/p>\n<p><em>Der Inhalt der Webseite dient ausschlie\u00dflich zur Information und stellt keine Rechtsberatung dar. Sie ersetzt keine rechtliche Beratung im Einzelfall<\/em><\/p>\n","protected":false},"excerpt":{"rendered":"<p>Angaben gem\u00e4\u00df \u00a7 5 TMG: Panagiota Jackstadt-Theodorakopoulou Die gesetzlicher Berufsbezeichnung lautet: Fach\u00e4rztin f\u00fcr Allgemeinmedizin Die Berufsbezeichnung wurde in der Bundesrepublik Deutschland verliehen. Postanschrift: U 1, 15 68161 Mannheim Kontakt: Telefon: 0621 \/ 20229 Telefax: 0621 \/ 20230 Zust\u00e4ndige Kammer: Landes\u00e4rztekammer Baden-W\u00fcrttemberg K\u00f6rperschaft des \u00f6ffentlichen Rechts Jahnstra\u00dfe 40 70597 Stuttgart Telefon: 0711 &#8211; 769 89 0 &hellip; <a href=\"https:\/\/praxis-pjt.de\/praxis\/impressum\/\" class=\"more-link\"><span class=\"screen-reader-text\">Impressum<\/span> weiterlesen<\/a><\/p>\n","protected":false},"author":1,"featured_media":0,"parent":0,"menu_order":0,"comment_status":"closed","ping_status":"closed","template":"","meta":{"footnotes":""},"class_list":["post-30","page","type-page","status-publish","hentry"],"_links":{"self":[{"href":"https:\/\/praxis-pjt.de\/praxis\/wp-json\/wp\/v2\/pages\/30","targetHints":{"allow":["GET"]}}],"collection":[{"href":"https:\/\/praxis-pjt.de\/praxis\/wp-json\/wp\/v2\/pages"}],"about":[{"href":"https:\/\/praxis-pjt.de\/praxis\/wp-json\/wp\/v2\/types\/page"}],"author":[{"embeddable":true,"href":"https:\/\/praxis-pjt.de\/praxis\/wp-json\/wp\/v2\/users\/1"}],"replies":[{"embeddable":true,"href":"https:\/\/praxis-pjt.de\/praxis\/wp-json\/wp\/v2\/comments?post=30"}],"version-history":[{"count":10,"href":"https:\/\/praxis-pjt.de\/praxis\/wp-json\/wp\/v2\/pages\/30\/revisions"}],"predecessor-version":[{"id":287,"href":"https:\/\/praxis-pjt.de\/praxis\/wp-json\/wp\/v2\/pages\/30\/revisions\/287"}],"wp:attachment":[{"href":"https:\/\/praxis-pjt.de\/praxis\/wp-json\/wp\/v2\/media?parent=30"}],"curies":[{"name":"wp","href":"https:\/\/api.w.org\/{rel}","templated":true}]}}